{"id":244,"date":"2015-10-15T17:43:38","date_gmt":"2015-10-15T16:43:38","guid":{"rendered":"http:\/\/calmens.com\/?post_type=product&#038;p=244"},"modified":"2022-11-22T04:39:15","modified_gmt":"2022-11-22T02:39:15","slug":"calmens-sexul-copilului","status":"publish","type":"product","link":"https:\/\/calmens.com\/calendar-menstrual\/produs\/calmens-sexul-copilului\/","title":{"rendered":"Calmens &#8211; Sexul copilului"},"content":{"rendered":"<p>Credem \u00een dreptul fiec\u0103rui cuplu de a planifica momentul c\u00e2nd s\u0103 aduc\u0103 pe lume un copil. Credem \u00een dreptul de a alege sexul copilului f\u0103r\u0103 a apela la interven\u021bii chirurgicale \u0219i la fertilizarea in vitro. Credem c\u0103 avem libertatea de a face dragoste f\u0103r\u0103 grija unei sarcini. Credem c\u0103 merit\u0103m s\u0103 ne bucur\u0103m de partenerul de via\u021b\u0103 \u00eentr-o rela\u021bie intim\u0103 f\u0103r\u0103 bariere fizice (prezervative, dispozitive intrauterine, inele intravaginale etc.) sau psihologice (cum ar fi frustr\u0103rile provocate de coitus interruptus). Credem \u00een dreptul femeii la s\u0103n\u0103tate, prin a folosi ceea ce natura ne ofer\u0103 \u0219i evit\u00e2nd substan\u021bele chimice \u0219i hormonii artificiali care provoac\u0103 deregl\u0103ri hormonale \u0219i cresc riscul \u00eemboln\u0103virilor \u00een r\u00e2ndul femeilor. Credem c\u0103, folosind \u201eceasul nostru biologic\u201d, putem planifica evenimentele importante din via\u021ba noastr\u0103 (ie\u0219iri romantice, nun\u021bi sau luni de miere).<\/p>\n","protected":false},"excerpt":{"rendered":"<p>Am creat un program ingenios pentru calculator, u\u0219or de folosit, \u00een limba rom\u00e2n\u0103, care te ajut\u0103 s\u0103 calculezi zilele \u00een care po\u021bi r\u0103m\u00e2ne \u00eens\u0103rcinat\u0103 \u0219i s\u0103 planifici perioada \u00een care s\u0103 se nasc\u0103 copilul. \u00cen situa\u021biile \u00een care \u00eentr-o familie exist\u0103 deja unul sau mai mul\u021bi copii, credem c\u0103 p\u0103rin\u021bii \u00ee\u0219i mai doresc fie o feti\u021b\u0103, fie un b\u0103ie\u021bel, \u00een func\u021bie de ceea ce lipse\u0219te din familia respectiv\u0103. Cre\u00e2nd acest excep\u021bional program numit Calmens, \u00ee\u021bi oferim posibilitatea s\u0103 alegi sexul viitorului t\u0103u copil.<\/p>\n<p>Dac\u0103 e\u0219ti deja \u00eens\u0103rcinat\u0103 \u0219i arzi de ner\u0103bdare s\u0103 afli sexul copilului t\u0103u, \u00ee\u021bi punem la dispozi\u021bie o op\u021biune care te ajut\u0103 s\u0103 afli, cu mult \u00eenainte ca o ecografie s\u0103 o poat\u0103 face, dac\u0103 vei fii m\u0103mic\u0103 de feti\u021b\u0103 sau m\u0103mic\u0103 de b\u0103ie\u021bel, permi\u021b\u00e2ndu-\u021bi astfel s\u0103 te preg\u0103te\u0219ti din timp cu alegerea numelui, a preg\u0103tirii h\u0103inu\u021belor sau a camerei bebelu\u0219ului t\u0103u.<\/p>\n<p>Planific\u0103 sexul copilului cu Calmens. \u00ce\u021bi dore\u0219ti o feti\u021b\u0103 sau un baie\u021bel? Calculeaz\u0103 zilele probabile pentru a avea o feti\u021b\u0103 sau un baie\u021bel. Determin\u0103 sexul viitorului copil cu ajutorul programului Calmens.<\/p>\n","protected":false},"featured_media":260,"comment_status":"open","ping_status":"closed","template":"","meta":{"_monsterinsights_skip_tracking":false,"_monsterinsights_sitenote_active":false,"_monsterinsights_sitenote_note":"","_monsterinsights_sitenote_category":0,"jetpack_post_was_ever_published":false,"jetpack_publicize_message":"","jetpack_publicize_feature_enabled":true,"jetpack_social_post_already_shared":true,"jetpack_social_options":{"image_generator_settings":{"template":"highway","enabled":false},"version":2}},"product_cat":[150],"product_tag":[133],"jetpack_publicize_connections":[],"yoast_head":"<!-- This site is optimized with the Yoast SEO plugin v24.5 - https:\/\/yoast.com\/wordpress\/plugins\/seo\/ -->\n<title>Calmens - Sexul copilului - CALMENS<\/title>\n<meta name=\"robots\" content=\"index, follow, max-snippet:-1, max-image-preview:large, max-video-preview:-1\" \/>\n<link rel=\"canonical\" href=\"https:\/\/calmens.com\/calendar-menstrual\/produs\/calmens-sexul-copilului\/\" \/>\n<meta property=\"og:locale\" content=\"en_GB\" \/>\n<meta property=\"og:type\" content=\"article\" \/>\n<meta property=\"og:title\" content=\"Calmens - Sexul copilului - CALMENS\" \/>\n<meta property=\"og:description\" content=\"Am creat un program ingenios pentru calculator, u\u0219or de folosit, \u00een limba rom\u00e2n\u0103, care te ajut\u0103 s\u0103 calculezi zilele \u00een care po\u021bi r\u0103m\u00e2ne \u00eens\u0103rcinat\u0103 \u0219i s\u0103 planifici perioada \u00een care s\u0103 se nasc\u0103 copilul. \u00cen situa\u021biile \u00een care \u00eentr-o familie exist\u0103 deja unul sau mai mul\u021bi copii, credem c\u0103 p\u0103rin\u021bii \u00ee\u0219i mai doresc fie o feti\u021b\u0103, fie un b\u0103ie\u021bel, \u00een func\u021bie de ceea ce lipse\u0219te din familia respectiv\u0103. Cre\u00e2nd acest excep\u021bional program numit Calmens, \u00ee\u021bi oferim posibilitatea s\u0103 alegi sexul viitorului t\u0103u copil.  Dac\u0103 e\u0219ti deja \u00eens\u0103rcinat\u0103 \u0219i arzi de ner\u0103bdare s\u0103 afli sexul copilului t\u0103u, \u00ee\u021bi punem la dispozi\u021bie o op\u021biune care te ajut\u0103 s\u0103 afli, cu mult \u00eenainte ca o ecografie s\u0103 o poat\u0103 face, dac\u0103 vei fii m\u0103mic\u0103 de feti\u021b\u0103 sau m\u0103mic\u0103 de b\u0103ie\u021bel, permi\u021b\u00e2ndu-\u021bi astfel s\u0103 te preg\u0103te\u0219ti din timp cu alegerea numelui, a preg\u0103tirii h\u0103inu\u021belor sau a camerei bebelu\u0219ului t\u0103u.  Planific\u0103 sexul copilului cu Calmens. \u00ce\u021bi dore\u0219ti o feti\u021b\u0103 sau un baie\u021bel? Calculeaz\u0103 zilele probabile pentru a avea o feti\u021b\u0103 sau un baie\u021bel. Determin\u0103 sexul viitorului copil cu ajutorul programului Calmens.\" \/>\n<meta property=\"og:url\" content=\"https:\/\/calmens.com\/calendar-menstrual\/produs\/calmens-sexul-copilului\/\" \/>\n<meta property=\"og:site_name\" content=\"CALMENS\" \/>\n<meta property=\"article:modified_time\" content=\"2022-11-22T02:39:15+00:00\" \/>\n<meta property=\"og:image\" content=\"https:\/\/i1.wp.com\/calmens.com\/calendar-menstrual\/imagini\/comanda-calmens-sexul-copilului.jpg?fit=400%2C400&ssl=1\" \/>\n\t<meta property=\"og:image:width\" content=\"400\" \/>\n\t<meta property=\"og:image:height\" content=\"400\" \/>\n\t<meta property=\"og:image:type\" content=\"image\/jpeg\" \/>\n<meta name=\"twitter:label1\" content=\"Estimated reading time\" \/>\n\t<meta name=\"twitter:data1\" content=\"1 minute\" \/>\n<script type=\"application\/ld+json\" class=\"yoast-schema-graph\">{\"@context\":\"https:\/\/schema.org\",\"@graph\":[{\"@type\":\"WebPage\",\"@id\":\"https:\/\/calmens.com\/calendar-menstrual\/produs\/calmens-sexul-copilului\/\",\"url\":\"https:\/\/calmens.com\/calendar-menstrual\/produs\/calmens-sexul-copilului\/\",\"name\":\"Calmens - Sexul copilului - CALMENS\",\"isPartOf\":{\"@id\":\"https:\/\/calmens.com\/calendar-menstrual\/#website\"},\"primaryImageOfPage\":{\"@id\":\"https:\/\/calmens.com\/calendar-menstrual\/produs\/calmens-sexul-copilului\/#primaryimage\"},\"image\":{\"@id\":\"https:\/\/calmens.com\/calendar-menstrual\/produs\/calmens-sexul-copilului\/#primaryimage\"},\"thumbnailUrl\":\"https:\/\/i0.wp.com\/calmens.com\/calendar-menstrual\/imagini\/comanda-calmens-sexul-copilului.jpg?fit=400%2C400&ssl=1\",\"datePublished\":\"2015-10-15T16:43:38+00:00\",\"dateModified\":\"2022-11-22T02:39:15+00:00\",\"breadcrumb\":{\"@id\":\"https:\/\/calmens.com\/calendar-menstrual\/produs\/calmens-sexul-copilului\/#breadcrumb\"},\"inLanguage\":\"en-GB\",\"potentialAction\":[{\"@type\":\"ReadAction\",\"target\":[\"https:\/\/calmens.com\/calendar-menstrual\/produs\/calmens-sexul-copilului\/\"]}]},{\"@type\":\"ImageObject\",\"inLanguage\":\"en-GB\",\"@id\":\"https:\/\/calmens.com\/calendar-menstrual\/produs\/calmens-sexul-copilului\/#primaryimage\",\"url\":\"https:\/\/i0.wp.com\/calmens.com\/calendar-menstrual\/imagini\/comanda-calmens-sexul-copilului.jpg?fit=400%2C400&ssl=1\",\"contentUrl\":\"https:\/\/i0.wp.com\/calmens.com\/calendar-menstrual\/imagini\/comanda-calmens-sexul-copilului.jpg?fit=400%2C400&ssl=1\",\"width\":400,\"height\":400,\"caption\":\"Calmens Sexul copilului\"},{\"@type\":\"BreadcrumbList\",\"@id\":\"https:\/\/calmens.com\/calendar-menstrual\/produs\/calmens-sexul-copilului\/#breadcrumb\",\"itemListElement\":[{\"@type\":\"ListItem\",\"position\":1,\"name\":\"Prima pagin\u0103\",\"item\":\"https:\/\/calmens.com\/calendar-menstrual\/\"},{\"@type\":\"ListItem\",\"position\":2,\"name\":\"Magazin\",\"item\":\"https:\/\/calmens.com\/calendar-menstrual\/magazin\/\"},{\"@type\":\"ListItem\",\"position\":3,\"name\":\"Calmens &#8211; Sexul copilului\"}]},{\"@type\":\"WebSite\",\"@id\":\"https:\/\/calmens.com\/calendar-menstrual\/#website\",\"url\":\"https:\/\/calmens.com\/calendar-menstrual\/\",\"name\":\"CALMENS\",\"description\":\"Sexul copilului, Sarcin\u0103, Contracep\u021bie, Calendar menstrual\",\"potentialAction\":[{\"@type\":\"SearchAction\",\"target\":{\"@type\":\"EntryPoint\",\"urlTemplate\":\"https:\/\/calmens.com\/calendar-menstrual\/?s={search_term_string}\"},\"query-input\":{\"@type\":\"PropertyValueSpecification\",\"valueRequired\":true,\"valueName\":\"search_term_string\"}}],\"inLanguage\":\"en-GB\"}]}<\/script>\n<!-- \/ Yoast SEO plugin. -->","yoast_head_json":{"title":"Calmens - Sexul copilului - CALMENS","robots":{"index":"index","follow":"follow","max-snippet":"max-snippet:-1","max-image-preview":"max-image-preview:large","max-video-preview":"max-video-preview:-1"},"canonical":"https:\/\/calmens.com\/calendar-menstrual\/produs\/calmens-sexul-copilului\/","og_locale":"en_GB","og_type":"article","og_title":"Calmens - Sexul copilului - CALMENS","og_description":"Am creat un program ingenios pentru calculator, u\u0219or de folosit, \u00een limba rom\u00e2n\u0103, care te ajut\u0103 s\u0103 calculezi zilele \u00een care po\u021bi r\u0103m\u00e2ne \u00eens\u0103rcinat\u0103 \u0219i s\u0103 planifici perioada \u00een care s\u0103 se nasc\u0103 copilul. \u00cen situa\u021biile \u00een care \u00eentr-o familie exist\u0103 deja unul sau mai mul\u021bi copii, credem c\u0103 p\u0103rin\u021bii \u00ee\u0219i mai doresc fie o feti\u021b\u0103, fie un b\u0103ie\u021bel, \u00een func\u021bie de ceea ce lipse\u0219te din familia respectiv\u0103. Cre\u00e2nd acest excep\u021bional program numit Calmens, \u00ee\u021bi oferim posibilitatea s\u0103 alegi sexul viitorului t\u0103u copil.  Dac\u0103 e\u0219ti deja \u00eens\u0103rcinat\u0103 \u0219i arzi de ner\u0103bdare s\u0103 afli sexul copilului t\u0103u, \u00ee\u021bi punem la dispozi\u021bie o op\u021biune care te ajut\u0103 s\u0103 afli, cu mult \u00eenainte ca o ecografie s\u0103 o poat\u0103 face, dac\u0103 vei fii m\u0103mic\u0103 de feti\u021b\u0103 sau m\u0103mic\u0103 de b\u0103ie\u021bel, permi\u021b\u00e2ndu-\u021bi astfel s\u0103 te preg\u0103te\u0219ti din timp cu alegerea numelui, a preg\u0103tirii h\u0103inu\u021belor sau a camerei bebelu\u0219ului t\u0103u.  Planific\u0103 sexul copilului cu Calmens. \u00ce\u021bi dore\u0219ti o feti\u021b\u0103 sau un baie\u021bel? Calculeaz\u0103 zilele probabile pentru a avea o feti\u021b\u0103 sau un baie\u021bel. Determin\u0103 sexul viitorului copil cu ajutorul programului Calmens.","og_url":"https:\/\/calmens.com\/calendar-menstrual\/produs\/calmens-sexul-copilului\/","og_site_name":"CALMENS","article_modified_time":"2022-11-22T02:39:15+00:00","og_image":[{"width":400,"height":400,"url":"https:\/\/i1.wp.com\/calmens.com\/calendar-menstrual\/imagini\/comanda-calmens-sexul-copilului.jpg?fit=400%2C400&ssl=1","type":"image\/jpeg"}],"twitter_misc":{"Estimated reading time":"1 minute"},"schema":{"@context":"https:\/\/schema.org","@graph":[{"@type":"WebPage","@id":"https:\/\/calmens.com\/calendar-menstrual\/produs\/calmens-sexul-copilului\/","url":"https:\/\/calmens.com\/calendar-menstrual\/produs\/calmens-sexul-copilului\/","name":"Calmens - Sexul copilului - CALMENS","isPartOf":{"@id":"https:\/\/calmens.com\/calendar-menstrual\/#website"},"primaryImageOfPage":{"@id":"https:\/\/calmens.com\/calendar-menstrual\/produs\/calmens-sexul-copilului\/#primaryimage"},"image":{"@id":"https:\/\/calmens.com\/calendar-menstrual\/produs\/calmens-sexul-copilului\/#primaryimage"},"thumbnailUrl":"https:\/\/i0.wp.com\/calmens.com\/calendar-menstrual\/imagini\/comanda-calmens-sexul-copilului.jpg?fit=400%2C400&ssl=1","datePublished":"2015-10-15T16:43:38+00:00","dateModified":"2022-11-22T02:39:15+00:00","breadcrumb":{"@id":"https:\/\/calmens.com\/calendar-menstrual\/produs\/calmens-sexul-copilului\/#breadcrumb"},"inLanguage":"en-GB","potentialAction":[{"@type":"ReadAction","target":["https:\/\/calmens.com\/calendar-menstrual\/produs\/calmens-sexul-copilului\/"]}]},{"@type":"ImageObject","inLanguage":"en-GB","@id":"https:\/\/calmens.com\/calendar-menstrual\/produs\/calmens-sexul-copilului\/#primaryimage","url":"https:\/\/i0.wp.com\/calmens.com\/calendar-menstrual\/imagini\/comanda-calmens-sexul-copilului.jpg?fit=400%2C400&ssl=1","contentUrl":"https:\/\/i0.wp.com\/calmens.com\/calendar-menstrual\/imagini\/comanda-calmens-sexul-copilului.jpg?fit=400%2C400&ssl=1","width":400,"height":400,"caption":"Calmens Sexul copilului"},{"@type":"BreadcrumbList","@id":"https:\/\/calmens.com\/calendar-menstrual\/produs\/calmens-sexul-copilului\/#breadcrumb","itemListElement":[{"@type":"ListItem","position":1,"name":"Prima pagin\u0103","item":"https:\/\/calmens.com\/calendar-menstrual\/"},{"@type":"ListItem","position":2,"name":"Magazin","item":"https:\/\/calmens.com\/calendar-menstrual\/magazin\/"},{"@type":"ListItem","position":3,"name":"Calmens &#8211; Sexul copilului"}]},{"@type":"WebSite","@id":"https:\/\/calmens.com\/calendar-menstrual\/#website","url":"https:\/\/calmens.com\/calendar-menstrual\/","name":"CALMENS","description":"Sexul copilului, Sarcin\u0103, Contracep\u021bie, Calendar menstrual","potentialAction":[{"@type":"SearchAction","target":{"@type":"EntryPoint","urlTemplate":"https:\/\/calmens.com\/calendar-menstrual\/?s={search_term_string}"},"query-input":{"@type":"PropertyValueSpecification","valueRequired":true,"valueName":"search_term_string"}}],"inLanguage":"en-GB"}]}},"jetpack_sharing_enabled":true,"jetpack_likes_enabled":true,"jetpack-related-posts":[],"_links":{"self":[{"href":"https:\/\/calmens.com\/calendar-menstrual\/wp-json\/wp\/v2\/product\/244"}],"collection":[{"href":"https:\/\/calmens.com\/calendar-menstrual\/wp-json\/wp\/v2\/product"}],"about":[{"href":"https:\/\/calmens.com\/calendar-menstrual\/wp-json\/wp\/v2\/types\/product"}],"replies":[{"embeddable":true,"href":"https:\/\/calmens.com\/calendar-menstrual\/wp-json\/wp\/v2\/comments?post=244"}],"wp:featuredmedia":[{"embeddable":true,"href":"https:\/\/calmens.com\/calendar-menstrual\/wp-json\/wp\/v2\/media\/260"}],"wp:attachment":[{"href":"https:\/\/calmens.com\/calendar-menstrual\/wp-json\/wp\/v2\/media?parent=244"}],"wp:term":[{"taxonomy":"product_cat","embeddable":true,"href":"https:\/\/calmens.com\/calendar-menstrual\/wp-json\/wp\/v2\/product_cat?post=244"},{"taxonomy":"product_tag","embeddable":true,"href":"https:\/\/calmens.com\/calendar-menstrual\/wp-json\/wp\/v2\/product_tag?post=244"}],"curies":[{"name":"wp","href":"https:\/\/api.w.org\/{rel}","templated":true}]}}