{"id":245,"date":"2015-10-15T17:44:45","date_gmt":"2015-10-15T16:44:45","guid":{"rendered":"http:\/\/calmens.com\/?post_type=product&#038;p=245"},"modified":"2025-02-10T18:48:39","modified_gmt":"2025-02-10T16:48:39","slug":"calmens-contraceptie","status":"publish","type":"product","link":"https:\/\/calmens.com\/calendar-menstrual\/produs\/calmens-contraceptie\/","title":{"rendered":"Calmens &#8211; Contraceptie"},"content":{"rendered":"<p>Credem c\u0103 fiecare cuplu de tineri c\u0103s\u0103tori\u021bi dore\u0219te s\u0103 petreac\u0103 c\u00e2\u021biva ani \u00eempreun\u0103, bucur\u00e2ndu-se unul de cel\u0103lalt, \u00eenainte de a aduce pe lume primul copil. \u0218tim c\u0103 dore\u0219ti s\u0103 v\u0103 cunoa\u0219te\u021bi mai bine, s\u0103 v\u0103 distra\u021bi mai mult, s\u0103 c\u0103l\u0103tori\u021bi mai mult, \u00eenainte de a deveni p\u0103rin\u021bi. Este normal, este firesc. De aceea am creat o op\u021biune extraordinar\u0103 \u00een programul Calmens, op\u021biune ce \u00ee\u021bi permite s\u0103 folose\u0219ti o metoda natural\u0103 de contracep\u021bie care nu interfereaz\u0103 \u00een nici un fel cu bunul mers al organismului t\u0103u. Nu trebuie s\u0103 \u00eenghi\u021bi substan\u021be chimice cu efecte d\u0103un\u0103toare sau hormoni artificiali care provoac\u0103 deregl\u0103ri \u00een organismul t\u0103u. Nu trebuie s\u0103 diminuezi sau s\u0103 \u00eentrerupi pl\u0103cerea contactului sexual folosind prezervative sau metoda retragerii. Programul pe care \u021bi-l oferim calculeaz\u0103 zilele sigure pentru contactul sexual \u0219i urm\u0103toarele menstrua\u021bii, ajut\u00e2ndu-te s\u0103 planifici evenimente importante cum ar fi ie\u0219iri romantice, nun\u021bi sau luni de miere.<\/p>\n","protected":false},"excerpt":{"rendered":"<p>Programul Calmens foloseste o metoda stiintifica cu care se determina perioada fertila prin urmarirea duratei ciclurilor menstruale anterioare si a stabilirii unei forme generale de evolutie.<br \/>\nAceasta metoda incearca sa identifice perioadele fertile ale ciclului menstrual si evita intalnirea dintre spermatozoizi si ovul prin renuntarea la contacte sexuale in perioada in care ovulul ar putea fi fecundat.<\/p>\n<p>Ajuta cuplurile sa identifice perioada fertila pentru a evita contactul sexual in acel interval de timp. Identificarea perioadei fertile se face pe baza calculelor efectuate de Calmens prin op\u021biunea Contracep\u021bie.<\/p>\n<p>\u2013 nu exista efecte secundare<br \/>\n\u2013 partenerii impart responsabilitatea de planificare a familiei<br \/>\n\u2013 foarte ieftin<\/p>\n<p>Programul Calmens utilizeaza o metoda naturala de contraceptie bazata pe recunoasterea zilelor fertile si este lipsit de nocivitate, nu are nici un fel de efecte secundare, poate fi folosit ocazional, nu reprezinta nici o interventie pe corp, are un pret mic, poate ajuta cuplul la planificarea vietii intime, nu exista probleme de revenire a fertilitatii.<\/p>\n","protected":false},"featured_media":262,"comment_status":"open","ping_status":"closed","template":"","meta":{"_monsterinsights_skip_tracking":false,"_monsterinsights_sitenote_active":false,"_monsterinsights_sitenote_note":"","_monsterinsights_sitenote_category":0,"jetpack_post_was_ever_published":false,"jetpack_publicize_message":"","jetpack_publicize_feature_enabled":true,"jetpack_social_post_already_shared":true,"jetpack_social_options":{"image_generator_settings":{"template":"highway","enabled":false},"version":2}},"product_cat":[150],"product_tag":[134],"jetpack_publicize_connections":[],"yoast_head":"<!-- This site is optimized with the Yoast SEO plugin v24.5 - https:\/\/yoast.com\/wordpress\/plugins\/seo\/ -->\n<title>Calmens - Contraceptie - CALMENS<\/title>\n<meta name=\"robots\" content=\"index, follow, max-snippet:-1, max-image-preview:large, max-video-preview:-1\" \/>\n<link rel=\"canonical\" href=\"https:\/\/calmens.com\/calendar-menstrual\/produs\/calmens-contraceptie\/\" \/>\n<meta property=\"og:locale\" content=\"en_GB\" \/>\n<meta property=\"og:type\" content=\"article\" \/>\n<meta property=\"og:title\" content=\"Calmens - Contraceptie - CALMENS\" \/>\n<meta property=\"og:description\" content=\"Programul Calmens foloseste o metoda stiintifica cu care se determina perioada fertila prin urmarirea duratei ciclurilor menstruale anterioare si a stabilirii unei forme generale de evolutie. Aceasta metoda incearca sa identifice perioadele fertile ale ciclului menstrual si evita intalnirea dintre spermatozoizi si ovul prin renuntarea la contacte sexuale in perioada in care ovulul ar putea fi fecundat.  Ajuta cuplurile sa identifice perioada fertila pentru a evita contactul sexual in acel interval de timp. Identificarea perioadei fertile se face pe baza calculelor efectuate de Calmens prin op\u021biunea Contracep\u021bie.  \u2013 nu exista efecte secundare \u2013 partenerii impart responsabilitatea de planificare a familiei \u2013 foarte ieftin  Programul Calmens utilizeaza o metoda naturala de contraceptie bazata pe recunoasterea zilelor fertile si este lipsit de nocivitate, nu are nici un fel de efecte secundare, poate fi folosit ocazional, nu reprezinta nici o interventie pe corp, are un pret mic, poate ajuta cuplul la planificarea vietii intime, nu exista probleme de revenire a fertilitatii.\" \/>\n<meta property=\"og:url\" content=\"https:\/\/calmens.com\/calendar-menstrual\/produs\/calmens-contraceptie\/\" \/>\n<meta property=\"og:site_name\" content=\"CALMENS\" \/>\n<meta property=\"article:modified_time\" content=\"2025-02-10T16:48:39+00:00\" \/>\n<meta property=\"og:image\" content=\"https:\/\/i2.wp.com\/calmens.com\/calendar-menstrual\/imagini\/comanda-calmens-contraceptie.jpg?fit=400%2C400&ssl=1\" \/>\n\t<meta property=\"og:image:width\" content=\"400\" \/>\n\t<meta property=\"og:image:height\" content=\"400\" \/>\n\t<meta property=\"og:image:type\" content=\"image\/jpeg\" \/>\n<meta name=\"twitter:label1\" content=\"Estimated reading time\" \/>\n\t<meta name=\"twitter:data1\" content=\"1 minute\" \/>\n<script type=\"application\/ld+json\" class=\"yoast-schema-graph\">{\"@context\":\"https:\/\/schema.org\",\"@graph\":[{\"@type\":\"WebPage\",\"@id\":\"https:\/\/calmens.com\/calendar-menstrual\/produs\/calmens-contraceptie\/\",\"url\":\"https:\/\/calmens.com\/calendar-menstrual\/produs\/calmens-contraceptie\/\",\"name\":\"Calmens - Contraceptie - CALMENS\",\"isPartOf\":{\"@id\":\"https:\/\/calmens.com\/calendar-menstrual\/#website\"},\"primaryImageOfPage\":{\"@id\":\"https:\/\/calmens.com\/calendar-menstrual\/produs\/calmens-contraceptie\/#primaryimage\"},\"image\":{\"@id\":\"https:\/\/calmens.com\/calendar-menstrual\/produs\/calmens-contraceptie\/#primaryimage\"},\"thumbnailUrl\":\"https:\/\/i0.wp.com\/calmens.com\/calendar-menstrual\/imagini\/comanda-calmens-contraceptie.jpg?fit=400%2C400&ssl=1\",\"datePublished\":\"2015-10-15T16:44:45+00:00\",\"dateModified\":\"2025-02-10T16:48:39+00:00\",\"breadcrumb\":{\"@id\":\"https:\/\/calmens.com\/calendar-menstrual\/produs\/calmens-contraceptie\/#breadcrumb\"},\"inLanguage\":\"en-GB\",\"potentialAction\":[{\"@type\":\"ReadAction\",\"target\":[\"https:\/\/calmens.com\/calendar-menstrual\/produs\/calmens-contraceptie\/\"]}]},{\"@type\":\"ImageObject\",\"inLanguage\":\"en-GB\",\"@id\":\"https:\/\/calmens.com\/calendar-menstrual\/produs\/calmens-contraceptie\/#primaryimage\",\"url\":\"https:\/\/i0.wp.com\/calmens.com\/calendar-menstrual\/imagini\/comanda-calmens-contraceptie.jpg?fit=400%2C400&ssl=1\",\"contentUrl\":\"https:\/\/i0.wp.com\/calmens.com\/calendar-menstrual\/imagini\/comanda-calmens-contraceptie.jpg?fit=400%2C400&ssl=1\",\"width\":400,\"height\":400,\"caption\":\"Calmens Contraceptie\"},{\"@type\":\"BreadcrumbList\",\"@id\":\"https:\/\/calmens.com\/calendar-menstrual\/produs\/calmens-contraceptie\/#breadcrumb\",\"itemListElement\":[{\"@type\":\"ListItem\",\"position\":1,\"name\":\"Prima pagin\u0103\",\"item\":\"https:\/\/calmens.com\/calendar-menstrual\/\"},{\"@type\":\"ListItem\",\"position\":2,\"name\":\"Magazin\",\"item\":\"https:\/\/calmens.com\/calendar-menstrual\/magazin\/\"},{\"@type\":\"ListItem\",\"position\":3,\"name\":\"Calmens &#8211; Contraceptie\"}]},{\"@type\":\"WebSite\",\"@id\":\"https:\/\/calmens.com\/calendar-menstrual\/#website\",\"url\":\"https:\/\/calmens.com\/calendar-menstrual\/\",\"name\":\"CALMENS\",\"description\":\"Sexul copilului, Sarcin\u0103, Contracep\u021bie, Calendar menstrual\",\"potentialAction\":[{\"@type\":\"SearchAction\",\"target\":{\"@type\":\"EntryPoint\",\"urlTemplate\":\"https:\/\/calmens.com\/calendar-menstrual\/?s={search_term_string}\"},\"query-input\":{\"@type\":\"PropertyValueSpecification\",\"valueRequired\":true,\"valueName\":\"search_term_string\"}}],\"inLanguage\":\"en-GB\"}]}<\/script>\n<!-- \/ Yoast SEO plugin. -->","yoast_head_json":{"title":"Calmens - Contraceptie - CALMENS","robots":{"index":"index","follow":"follow","max-snippet":"max-snippet:-1","max-image-preview":"max-image-preview:large","max-video-preview":"max-video-preview:-1"},"canonical":"https:\/\/calmens.com\/calendar-menstrual\/produs\/calmens-contraceptie\/","og_locale":"en_GB","og_type":"article","og_title":"Calmens - Contraceptie - CALMENS","og_description":"Programul Calmens foloseste o metoda stiintifica cu care se determina perioada fertila prin urmarirea duratei ciclurilor menstruale anterioare si a stabilirii unei forme generale de evolutie. Aceasta metoda incearca sa identifice perioadele fertile ale ciclului menstrual si evita intalnirea dintre spermatozoizi si ovul prin renuntarea la contacte sexuale in perioada in care ovulul ar putea fi fecundat.  Ajuta cuplurile sa identifice perioada fertila pentru a evita contactul sexual in acel interval de timp. Identificarea perioadei fertile se face pe baza calculelor efectuate de Calmens prin op\u021biunea Contracep\u021bie.  \u2013 nu exista efecte secundare \u2013 partenerii impart responsabilitatea de planificare a familiei \u2013 foarte ieftin  Programul Calmens utilizeaza o metoda naturala de contraceptie bazata pe recunoasterea zilelor fertile si este lipsit de nocivitate, nu are nici un fel de efecte secundare, poate fi folosit ocazional, nu reprezinta nici o interventie pe corp, are un pret mic, poate ajuta cuplul la planificarea vietii intime, nu exista probleme de revenire a fertilitatii.","og_url":"https:\/\/calmens.com\/calendar-menstrual\/produs\/calmens-contraceptie\/","og_site_name":"CALMENS","article_modified_time":"2025-02-10T16:48:39+00:00","og_image":[{"width":400,"height":400,"url":"https:\/\/i2.wp.com\/calmens.com\/calendar-menstrual\/imagini\/comanda-calmens-contraceptie.jpg?fit=400%2C400&ssl=1","type":"image\/jpeg"}],"twitter_misc":{"Estimated reading time":"1 minute"},"schema":{"@context":"https:\/\/schema.org","@graph":[{"@type":"WebPage","@id":"https:\/\/calmens.com\/calendar-menstrual\/produs\/calmens-contraceptie\/","url":"https:\/\/calmens.com\/calendar-menstrual\/produs\/calmens-contraceptie\/","name":"Calmens - Contraceptie - CALMENS","isPartOf":{"@id":"https:\/\/calmens.com\/calendar-menstrual\/#website"},"primaryImageOfPage":{"@id":"https:\/\/calmens.com\/calendar-menstrual\/produs\/calmens-contraceptie\/#primaryimage"},"image":{"@id":"https:\/\/calmens.com\/calendar-menstrual\/produs\/calmens-contraceptie\/#primaryimage"},"thumbnailUrl":"https:\/\/i0.wp.com\/calmens.com\/calendar-menstrual\/imagini\/comanda-calmens-contraceptie.jpg?fit=400%2C400&ssl=1","datePublished":"2015-10-15T16:44:45+00:00","dateModified":"2025-02-10T16:48:39+00:00","breadcrumb":{"@id":"https:\/\/calmens.com\/calendar-menstrual\/produs\/calmens-contraceptie\/#breadcrumb"},"inLanguage":"en-GB","potentialAction":[{"@type":"ReadAction","target":["https:\/\/calmens.com\/calendar-menstrual\/produs\/calmens-contraceptie\/"]}]},{"@type":"ImageObject","inLanguage":"en-GB","@id":"https:\/\/calmens.com\/calendar-menstrual\/produs\/calmens-contraceptie\/#primaryimage","url":"https:\/\/i0.wp.com\/calmens.com\/calendar-menstrual\/imagini\/comanda-calmens-contraceptie.jpg?fit=400%2C400&ssl=1","contentUrl":"https:\/\/i0.wp.com\/calmens.com\/calendar-menstrual\/imagini\/comanda-calmens-contraceptie.jpg?fit=400%2C400&ssl=1","width":400,"height":400,"caption":"Calmens Contraceptie"},{"@type":"BreadcrumbList","@id":"https:\/\/calmens.com\/calendar-menstrual\/produs\/calmens-contraceptie\/#breadcrumb","itemListElement":[{"@type":"ListItem","position":1,"name":"Prima pagin\u0103","item":"https:\/\/calmens.com\/calendar-menstrual\/"},{"@type":"ListItem","position":2,"name":"Magazin","item":"https:\/\/calmens.com\/calendar-menstrual\/magazin\/"},{"@type":"ListItem","position":3,"name":"Calmens &#8211; Contraceptie"}]},{"@type":"WebSite","@id":"https:\/\/calmens.com\/calendar-menstrual\/#website","url":"https:\/\/calmens.com\/calendar-menstrual\/","name":"CALMENS","description":"Sexul copilului, Sarcin\u0103, Contracep\u021bie, Calendar menstrual","potentialAction":[{"@type":"SearchAction","target":{"@type":"EntryPoint","urlTemplate":"https:\/\/calmens.com\/calendar-menstrual\/?s={search_term_string}"},"query-input":{"@type":"PropertyValueSpecification","valueRequired":true,"valueName":"search_term_string"}}],"inLanguage":"en-GB"}]}},"jetpack_sharing_enabled":true,"jetpack_likes_enabled":true,"jetpack-related-posts":[],"_links":{"self":[{"href":"https:\/\/calmens.com\/calendar-menstrual\/wp-json\/wp\/v2\/product\/245"}],"collection":[{"href":"https:\/\/calmens.com\/calendar-menstrual\/wp-json\/wp\/v2\/product"}],"about":[{"href":"https:\/\/calmens.com\/calendar-menstrual\/wp-json\/wp\/v2\/types\/product"}],"replies":[{"embeddable":true,"href":"https:\/\/calmens.com\/calendar-menstrual\/wp-json\/wp\/v2\/comments?post=245"}],"wp:featuredmedia":[{"embeddable":true,"href":"https:\/\/calmens.com\/calendar-menstrual\/wp-json\/wp\/v2\/media\/262"}],"wp:attachment":[{"href":"https:\/\/calmens.com\/calendar-menstrual\/wp-json\/wp\/v2\/media?parent=245"}],"wp:term":[{"taxonomy":"product_cat","embeddable":true,"href":"https:\/\/calmens.com\/calendar-menstrual\/wp-json\/wp\/v2\/product_cat?post=245"},{"taxonomy":"product_tag","embeddable":true,"href":"https:\/\/calmens.com\/calendar-menstrual\/wp-json\/wp\/v2\/product_tag?post=245"}],"curies":[{"name":"wp","href":"https:\/\/api.w.org\/{rel}","templated":true}]}}